{"id":8,"date":"2021-04-08T15:27:30","date_gmt":"2021-04-08T13:27:30","guid":{"rendered":"https:\/\/oilsyn.pl\/?page_id=8"},"modified":"2021-04-08T15:48:10","modified_gmt":"2021-04-08T13:48:10","slug":"kontakt","status":"publish","type":"page","link":"https:\/\/oilsyn.pl\/?page_id=8","title":{"rendered":"Kontakt"},"content":{"rendered":"\n<p><\/p>\n\n\n\n<p>W\u0142a\u015bcicielem serwisu jest Archoil Polska, ul. \u017burawiny 1, 04-937 Warszawa<\/p>\n","protected":false},"excerpt":{"rendered":"<p>W\u0142a\u015bcicielem serwisu jest Archoil Polska, ul. \u017burawiny 1, 04-937 Warszawa<\/p>\n","protected":false},"author":1,"featured_media":0,"parent":0,"menu_order":0,"comment_status":"closed","ping_status":"closed","template":"","meta":{"footnotes":""},"class_list":["post-8","page","type-page","status-publish","hentry"],"_links":{"self":[{"href":"https:\/\/oilsyn.pl\/index.php?rest_route=\/wp\/v2\/pages\/8","targetHints":{"allow":["GET"]}}],"collection":[{"href":"https:\/\/oilsyn.pl\/index.php?rest_route=\/wp\/v2\/pages"}],"about":[{"href":"https:\/\/oilsyn.pl\/index.php?rest_route=\/wp\/v2\/types\/page"}],"author":[{"embeddable":true,"href":"https:\/\/oilsyn.pl\/index.php?rest_route=\/wp\/v2\/users\/1"}],"replies":[{"embeddable":true,"href":"https:\/\/oilsyn.pl\/index.php?rest_route=%2Fwp%2Fv2%2Fcomments&post=8"}],"version-history":[{"count":2,"href":"https:\/\/oilsyn.pl\/index.php?rest_route=\/wp\/v2\/pages\/8\/revisions"}],"predecessor-version":[{"id":34,"href":"https:\/\/oilsyn.pl\/index.php?rest_route=\/wp\/v2\/pages\/8\/revisions\/34"}],"wp:attachment":[{"href":"https:\/\/oilsyn.pl\/index.php?rest_route=%2Fwp%2Fv2%2Fmedia&parent=8"}],"curies":[{"name":"wp","href":"https:\/\/api.w.org\/{rel}","templated":true}]}}